{"id":128,"date":"2017-07-23T12:33:09","date_gmt":"2017-07-23T10:33:09","guid":{"rendered":"http:\/\/culturotheque.fr\/?page_id=128"},"modified":"2023-08-20T10:26:03","modified_gmt":"2023-08-20T08:26:03","slug":"contact","status":"publish","type":"page","link":"https:\/\/culturotheque.fr\/index.php\/contact\/","title":{"rendered":"Contact"},"content":{"rendered":"<p style=\"text-align: justify;\"><span style=\"color: #31689e;\">Adresse\u00a0 :\u00a0 27 Boulevard Joffre \u2013 1er \u00e9tage <em>(au dessus du Restaurant du CCAS \u00ab\u00a0L&rsquo;Age d&rsquo;Or\u00a0\u00bb)<\/em>\u00a0 &#8211;\u00a0 30300 BEAUCAIRE<\/span><br \/>\n<span style=\"color: #31689e;\">T\u00e9l\u00e9phone\u00a0 :\u00a0 O6.O8.24.75.33<\/span><br \/>\n<span style=\"color: #31689e;\">Email\u00a0 :\u00a0 culturomi@gmail.com<\/span><\/p>\n<p><!--more--><\/p>\n<p style=\"text-align: justify;\"><span style=\"color: #31689e;\"><span style=\"color: #ff9900;\"><span style=\"text-decoration: underline;\">Permanences\u00a0<\/span> :<\/span>\u00a0\u00a0 Lors des activit\u00e9s <em>ou<\/em> permanences tous les mardis\u00a0 de 13H30 \u00e0 14H\u00a0 &#8211;\u00a0 27 bd Joffre &#8211; Beaucaire &#8211; 1er Etage &#8211; 30300 BEAUCAIRE.<\/span><\/p>\n<p style=\"text-align: justify;\"><span style=\"color: #31689e;\"><span style=\"text-decoration: underline; color: #ff9900;\">Lieu des Activit\u00e9s<\/span>\u00a0 : Conf\u00e9rences &#8211; Club de Scrabble Beaucairois <em>(le Duplicate)<\/em> &#8211; Gym &#8211; Club Informatique &#8211; Club Photo &#8211; Club Pyramide Beaucairois &#8211; Club de Lecture Partag\u00e9e. <span style=\"color: #ff9900;\">27 bd Joffre &#8211; Beaucaire &#8211; 1er Etage &#8211; 30300 BEAUCAIRE.<\/span><\/span><\/p>\n<p style=\"text-align: justify;\"><span style=\"color: #31689e;\"><span style=\"color: #ff9900;\"><span style=\"text-decoration: underline;\">Lieu de Rdv pour les sorties ou randonn\u00e9es<\/span>\u00a0<\/span> :\u00a0 <span style=\"color: #ff9900;\">Devant l&rsquo;Huilerie Coop\u00e9rative<\/span> &#8211; <em><span class=\"LrzXr\">48 Rue de la Redoute,\u00a0<\/span> (stationnement parking des Ar\u00e8nes)<\/em> \u2013 <span style=\"color: #ff9900;\">30300<\/span> <span style=\"color: #ff9900;\">Beaucaire<\/span>.<\/span><\/p>\n<p style=\"text-align: justify;\"><span style=\"color: #31689e;\">Comment participer aux activit\u00e9s de La Culturoth\u00e8que ?<\/span><br \/>\n<span style=\"color: #31689e;\">Sur le programme sont indiqu\u00e9s les heures et lieux des rendez-vous des activit\u00e9s. Vous \u00eates cordialement invit\u00e9s \u00e0 vous y pr\u00e9senter, sans engagement,\u00a0 pour voir si l&rsquo;ambiance vous convient&#8230; Les formalit\u00e9s d&rsquo;adh\u00e9sion vous seront communiqu\u00e9es, \u00e0 vous de d\u00e9cider si vous voulez poursuivre l&rsquo;aventure !<\/span><\/p>\n<p style=\"text-align: justify;\"><span style=\"color: #31689e;\">Prix, formalit\u00e9s ?<\/span><br \/>\n<span style=\"color: #31689e;\">La cotisation annuelle est de 50 \u20ac\/personne (<em>80 \u20ac pour un couple<\/em>).<\/span><\/p>\n<p><span style=\"color: #31689e;\">La cotisation donne droit \u00e0 la gratuit\u00e9 de toutes les activit\u00e9s sauf :<\/span><\/p>\n<ul>\n<li style=\"text-align: justify;\"><span style=\"color: #31689e;\">les Sorties Culturelles\u00a0 <em>p<\/em>our lesquelles on applique un forfait de 5 \u20ac pour les sorties co-voiturage <em>(entr\u00e9es + visites guid\u00e9es compris)<\/em> ou 20 \u20ac pour les sorties en Bus <em>(d\u00e9placement, entr\u00e9es et visites guid\u00e9es compris)<\/em><\/span><\/li>\n<li style=\"text-align: justify;\"><span style=\"color: #31689e;\">les repas<\/span><\/li>\n<li style=\"text-align: justify;\"><span style=\"color: #31689e;\">les d\u00e9placements<\/span><\/li>\n<li style=\"text-align: justify;\"><span style=\"color: #31689e;\">les s\u00e9jours et voyages.<\/span><br \/>\n<span style=\"color: #31689e;\">Pour les activit\u00e9s sportives (<em><span style=\"color: #ff9900;\">Randonn\u00e9es P\u00e9destres, Gym<\/span><\/em>) et si l&rsquo;on veut participer aux <span style=\"color: #ff9900;\">voyages ou s\u00e9jours rando<\/span> il faut prendre en plus la <span style=\"color: #ff9900;\">licence FFRandonn\u00e9e<\/span> (<em>1 seule licence pour toutes les activit\u00e9s &#8211; voir tarif<\/em>) et fournir un <span style=\"text-decoration: underline; color: #ff9900;\">certificat m\u00e9dical<\/span> d&rsquo;aptitude \u00e0 la Randonn\u00e9e.<\/span><\/li>\n<\/ul>\n","protected":false},"excerpt":{"rendered":"<p>Adresse\u00a0 :\u00a0 27 Boulevard Joffre \u2013 1er \u00e9tage (au dessus du Restaurant du CCAS \u00ab\u00a0L&rsquo;Age d&rsquo;Or\u00a0\u00bb)\u00a0 &#8211;\u00a0 30300 BEAUCAIRE T\u00e9l\u00e9phone\u00a0 :\u00a0 O6.O8.24.75.33 Email\u00a0 :\u00a0 culturomi@gmail.com<\/p>\n","protected":false},"author":1,"featured_media":0,"parent":0,"menu_order":0,"comment_status":"closed","ping_status":"closed","template":"","meta":{"footnotes":""},"class_list":["post-128","page","type-page","status-publish","hentry"],"_links":{"self":[{"href":"https:\/\/culturotheque.fr\/index.php\/wp-json\/wp\/v2\/pages\/128","targetHints":{"allow":["GET"]}}],"collection":[{"href":"https:\/\/culturotheque.fr\/index.php\/wp-json\/wp\/v2\/pages"}],"about":[{"href":"https:\/\/culturotheque.fr\/index.php\/wp-json\/wp\/v2\/types\/page"}],"author":[{"embeddable":true,"href":"https:\/\/culturotheque.fr\/index.php\/wp-json\/wp\/v2\/users\/1"}],"replies":[{"embeddable":true,"href":"https:\/\/culturotheque.fr\/index.php\/wp-json\/wp\/v2\/comments?post=128"}],"version-history":[{"count":46,"href":"https:\/\/culturotheque.fr\/index.php\/wp-json\/wp\/v2\/pages\/128\/revisions"}],"predecessor-version":[{"id":12102,"href":"https:\/\/culturotheque.fr\/index.php\/wp-json\/wp\/v2\/pages\/128\/revisions\/12102"}],"wp:attachment":[{"href":"https:\/\/culturotheque.fr\/index.php\/wp-json\/wp\/v2\/media?parent=128"}],"curies":[{"name":"wp","href":"https:\/\/api.w.org\/{rel}","templated":true}]}}