{"id":14569,"date":"2025-01-14T17:18:53","date_gmt":"2025-01-14T16:18:53","guid":{"rendered":"https:\/\/culturotheque.fr\/?page_id=14569"},"modified":"2025-01-14T17:27:07","modified_gmt":"2025-01-14T16:27:07","slug":"berlin-a-pied","status":"publish","type":"page","link":"https:\/\/culturotheque.fr\/index.php\/berlin-a-pied\/","title":{"rendered":"BERLIN A PIED"},"content":{"rendered":"<p style=\"text-align: justify;\"><span style=\"color: #003366;\">La Culturoth\u00e8que propose un voyage : BERLIN A PIED<\/span><br \/>\n<span style=\"color: #003366;\"><strong><em>Du 23 au 27 mars 2025 (5 jours, 4 nuits) &#8211; *645 \u20ac<br \/>\n<\/em><\/strong><\/span><\/p>\n<p style=\"text-align: justify;\"><!--more--><strong><span style=\"color: #003366;\">Programme : <\/span><\/strong><br \/>\n<span style=\"color: #003366;\"><strong>JOUR 1 Dimanche 23 mars\u00a0: BEAUCAIRE &#8211; MARSEILLE \/ BERLIN<br \/>\n<\/strong>D\u00e9part en co-voiturage pour l\u2019a\u00e9roport de Marseille &#8211; D\u00e9collage sur <strong>vol r\u00e9gulier direct <\/strong>\u00e0 08h35 pour une arriv\u00e9e \u00e0 10h40. \u00a0Accueil et <strong>Transfert en autocar privatif <\/strong>\u00e0 l\u2019<strong>h\u00f4tel ibis budget Berlin Kurf\u00fcrstendamm 2** situ\u00e9 en plein centre de Berlin.<\/strong> \u00a0Pose des bagages \u2013 repas de midi libre et visite libre du quartier\u00a0: <em>Les rues TauentzienstraBe et Kurf\u00fcrstendamm, le grand magasin KaDeWe, l\u2019\u00e9glise du Souvenir\u2026 \u00a0\u00e0 5 mn \u00e0 pied. Le m\u00e9tro est \u00e0 100 m de l\u2019h\u00f4tel<\/em> \u2013 Repas du soir libre \u2013 nuit\u00e9e.<\/span><br \/>\n<span style=\"color: #003366;\"><strong>JOUR 2 lundi 24 mars\u00a0: <\/strong><strong>BERLIN &#8211; <\/strong><strong>\u00a0Pdj \u2013 Visite guid\u00e9e de la ville\u00a0: <\/strong>d\u00e9part de notre h\u00f4tel avec notre guide qui a pour mission de nous familiariser avec la ville et les transports\u00a0: <strong>visite des \u00a0monuments les plus importants du centre ville de Berlin<\/strong> <em>(Potsdamer Platz Topographie de la Terreur &#8211; Mur de Berlin &#8211; Checkpoint Charlie &#8211; Bunker o\u00f9 Hitler s\u2019est suicid\u00e9 \u2013 Tiergarten &#8211; M\u00e9morial aux Juifs assassin\u00e9s en Europe &#8211; Porte de Brandebourg &#8211; B\u00e2timent du Reichstag &#8211; Boulevard Unter den Linden &#8211; Forum Humboldt &#8211; Nouvelle Garde &#8211; \u00cele des Mus\u00e9es)<\/em> et commencer notre s\u00e9jour par <strong>une visite d\u2019introduction<\/strong> \u00e0 l\u2019histoire et la culture de Berlin et comprendre rapidement l\u2019\u00e9volution de la ville \u00e0 travers les \u00e9poques.<em>\u2013 <\/em>Repas midi libre \u2013 apr\u00e8s midi libre &#8211; \u00a0Repas soir libre \u2013 nuit\u00e9e.<\/span><br \/>\n<span style=\"color: #003366;\"><strong>JOUR 3\u00a0mardi 25 mars : <\/strong><strong>BERLIN<\/strong><strong> \u00a0&#8211; pdj \u00a0&#8211; Visite guid\u00e9e du Berlin Authentique\u00a0: <\/strong>Le quartier de Kreuzberg &#8211; Le march\u00e9 couvert Markthalle Neun &#8211; Les berges de la Spree et leur vue imprenable sur le pont Oberbaum\u2026 Un circuit o\u00f9 s\u2019alternent les rues vibrantes couvertes de street art et les friches abandonn\u00e9es que se disputent les street-artists et les nouveaux acteurs \u00e9conomiques qui dynamisent le quartier. Pause Repas (libre) &#8211; <strong>Balade en Bateau sur la Spr\u00e9e<\/strong>. Nous verrons des sites tels que : <em>L&rsquo;\u00e9glise m\u00e9moriale Kaiser Wilhelm, le Square Potsdamer, l&rsquo;H\u00f4tel de Ville, Fernsehturm, Unter Den Linden, la Porte Brandenburg, la Colonne Victoire, le Palais Charlottenburg et plus encore<\/em>. Fin de journ\u00e9e libre &#8211; Repas libre \u2013 nuit\u00e9e<\/span><br \/>\n<span style=\"color: #003366;\"><strong>JOUR <\/strong><strong>4<\/strong><strong>\u00a0<\/strong><strong>mercredi 26 mars <\/strong><strong>: BERLIN<\/strong><strong> \u2013 pdj \u2013 D\u00e9part pour l\u2019\u00eele aux mus\u00e9es. <\/strong>Visite audioguid\u00e9e de Alte Nationalgalerie. L\u2019Alte Nationalgalerie abrite les tableaux et sculptures du XIX\u00e8me si\u00e8cle. Elle forme avec le Altes Museum, le Bode-Museum, le Neues Museum et le Pergamonmuseum l\u2019ensemble de l\u2019\u00cele des Mus\u00e9es de Berlin que l\u2019UNESCO a inscrit au patrimoine mondial. Repas midi libre\u00a0 &#8211; Temps libre <em>(possibilit\u00e9 de visite libre des autres mus\u00e9es)<\/em> .<\/span><br \/>\n<span style=\"color: #003366;\"><strong>JOUR 5<\/strong><strong> jeudi 27 mars<\/strong><strong>\u00a0: BERLIN \/ MARSEILLE \u00a0&#8211; BEAUCAIRE<\/strong><strong> &#8211; Pdj \u2013<\/strong> Visite de la tour de t\u00e9l\u00e9vision \u00e0 Alexanderplatz qui est sans aucun doute l&rsquo;un des monuments les plus embl\u00e9matiques de la capitale allemande. Temps libre et repas de midi libre &#8211; retour \u00e0 l\u2019h\u00f4tel pour transfert \u00e0 l\u2019a\u00e9roport &#8211; D\u00e9collage vol r\u00e9gulier direct \u00e0 18h05 pour une arriv\u00e9e \u00e0 20h15 \u00e0 Marseille \u2013 retour en fin de soir\u00e9e \u00e0 Beaucaire.<\/span><\/p>\n<p style=\"text-align: justify;\"><span style=\"color: #003366;\"><em>Le programme des visites peut \u00eatre modifi\u00e9 en fonction des opportunit\u00e9s sur place et de la disponibilit\u00e9 des prestataires.<\/em><\/span><\/p>\n<p style=\"text-align: justify;\"><span style=\"color: #003366;\"><strong><u>Le tarif comprend\u00a0:<\/u><\/strong> le billet avion aller\/retour &#8211; les frais de bagages \u00e0 main (<em>40 x25x20 \u2013 10 kg sac souple<\/em>) \u2013 les transferts a\u00e9roport\/H\u00f4tel en navettes privatives \u2013 les nuit\u00e9es en H\u00f4tel sur la base de chambre double twin situ\u00e9e au centre de Berlin \u00a0+ pdj buffet + les visites inscrites au programme \u2013 les taxes \u2013Les frais de dossier &#8211; \u00a0Les frais de la garantie financi\u00e8re \u2013 les assurances Assistance\/Rapatriement\/Annulation\/Bagages\/Attentats\/Covid (<em>L\u2019Assurance couvre uniquement les vols et l\u2019h\u00f4tel<\/em>).<br \/>\n<\/span><span style=\"color: #003366;\"><strong><u>Le tarif ne comprend pas<\/u><\/strong> \u2013 les frais de co-voiturage Beaucaire\/a\u00e9roport de Marseille &#8211; les frais de bagages suppl\u00e9mentaires \u2013 les repas &#8211; \u00a0les billets de transports en commun &#8211; les d\u00e9penses personnelles &#8211; les boissons \u2013 le suppl\u00e9ment de la chambre individuelle 170 \u20ac (<em>nombre limit\u00e9<\/em>).<\/span><\/p>\n<p style=\"text-align: justify;\"><span style=\"color: #003366;\">*Tarif r\u00e9serv\u00e9 aux adh\u00e9rents de La Culturoth\u00e8que \u00e0 jour de leur licence Randonn\u00e9e.<\/span><\/p>\n<p style=\"text-align: justify;\"><span style=\"color: #003366;\"><strong>Organisation\u00a0:<\/strong> La Culturoth\u00e8que<\/span><br \/>\n<span style=\"color: #003366;\"><em>Association b\u00e9n\u00e9ficiaire de l\u2019Immatriculation Tourisme De la FFRandonn\u00e9e \u2013 64 rue du Dessous des Berges \u2013 75013 Paris \u2013 n\u00b0 IM075100382 \u2013 T\u00e9l. 01.44.89.93.90 \u2013 Fax : 01.40.35.85.48 \u2013 CENTRE D\u2019INFORMATION : T\u00e9l. 01.44.89.93.93 \u2013 Fax 01.43.35.85.67<\/em><strong> \u2013 <\/strong><em>Association reconnue d\u2019utilit\u00e9 publique. Agr\u00e9\u00e9e par le Minist\u00e8re de la Sant\u00e9, de la Jeunesse, des Sports et de la Vie Associative et le Minist\u00e8re de l\u2019\u00e9cologie, du d\u00e9veloppement et de l\u2019am\u00e9nagement durables.<\/em> <em>\u2013 Membre du Comit\u00e9 National Olympique et Sportif Fran\u00e7ais et de la F\u00e9d\u00e9ration Europ\u00e9enne de la Randonn\u00e9e P\u00e9destre.<\/em><\/span><\/p>\n","protected":false},"excerpt":{"rendered":"<p>La Culturoth\u00e8que propose un voyage : BERLIN A PIED Du 23 au 27 mars 2025 (5 jours, 4 nuits) &#8211; *645 \u20ac<\/p>\n","protected":false},"author":1,"featured_media":14571,"parent":0,"menu_order":0,"comment_status":"closed","ping_status":"closed","template":"","meta":{"footnotes":""},"class_list":["post-14569","page","type-page","status-publish","has-post-thumbnail","hentry"],"_links":{"self":[{"href":"https:\/\/culturotheque.fr\/index.php\/wp-json\/wp\/v2\/pages\/14569","targetHints":{"allow":["GET"]}}],"collection":[{"href":"https:\/\/culturotheque.fr\/index.php\/wp-json\/wp\/v2\/pages"}],"about":[{"href":"https:\/\/culturotheque.fr\/index.php\/wp-json\/wp\/v2\/types\/page"}],"author":[{"embeddable":true,"href":"https:\/\/culturotheque.fr\/index.php\/wp-json\/wp\/v2\/users\/1"}],"replies":[{"embeddable":true,"href":"https:\/\/culturotheque.fr\/index.php\/wp-json\/wp\/v2\/comments?post=14569"}],"version-history":[{"count":3,"href":"https:\/\/culturotheque.fr\/index.php\/wp-json\/wp\/v2\/pages\/14569\/revisions"}],"predecessor-version":[{"id":14573,"href":"https:\/\/culturotheque.fr\/index.php\/wp-json\/wp\/v2\/pages\/14569\/revisions\/14573"}],"wp:featuredmedia":[{"embeddable":true,"href":"https:\/\/culturotheque.fr\/index.php\/wp-json\/wp\/v2\/media\/14571"}],"wp:attachment":[{"href":"https:\/\/culturotheque.fr\/index.php\/wp-json\/wp\/v2\/media?parent=14569"}],"curies":[{"name":"wp","href":"https:\/\/api.w.org\/{rel}","templated":true}]}}