{"id":68,"date":"2017-07-22T17:43:32","date_gmt":"2017-07-22T15:43:32","guid":{"rendered":"http:\/\/culturotheque.fr\/?page_id=68"},"modified":"2026-04-15T19:29:52","modified_gmt":"2026-04-15T17:29:52","slug":"test","status":"publish","type":"page","link":"https:\/\/culturotheque.fr\/","title":{"rendered":"Accueil"},"content":{"rendered":"<div id=\"day-20220103\" class=\"day\">\n<div class=\"event-summary\">\n<div id=\"day-20220220\" class=\"day\">\n<div class=\"event first-event\">\n<div id=\"160-20220220\" class=\"all-day event-summary\">\n<div class=\"event-summary\" style=\"text-align: justify;\">\n<div id=\"day-20220223\" class=\"day\">\n<div class=\"event\">\n<div id=\"193-20220223\" class=\"event-summary\">\n<div id=\"day-20230109\" class=\"day\">\n<div class=\"event first-event\">\n<p style=\"text-align: justify;\"><a href=\"https:\/\/culturotheque.fr\/index.php\/2026\/03\/09\/avril-2026\/\"><span style=\"color: #000080;\"><strong>ICI le programme du Mois d&rsquo;AVRIL 2026<\/strong><strong>.<\/strong><\/span><\/a><\/p>\n<p><span style=\"color: #ff6600;\"><strong><em>Ne pas oublier de glisser dans son sac : chapeau, cr\u00e8me solaire et produits contre les moustiques !.<\/em><\/strong><\/span><\/p>\n<p><span style=\"color: #000080;\"><u><span style=\"color: #ff6600;\"><strong>SEMAINE DU 13 au 19 avril 2026<\/strong><\/span><br \/>\n<\/u><u><strong>13 avr.,\u00a0Lundi<\/strong><br \/>\n<\/u>08:30 Randonn\u00e9e journ\u00e9e N3 \u00a0\u00ab\u00a0<strong>Le Castellas<\/strong> \u00bb \u2013 30 St Hilaire d\u2019Ozilhan &#8211; <\/span><br \/>\n<span style=\"color: #000080;\"><u><strong>14 avr.,\u00a0Mardi<\/strong><br \/>\n<\/u>10:45 <strong>Club de Gym<br \/>\n<\/strong>14:00 Conf\u00e9rence \u00ab\u00a0<strong>La gente f\u00e9minine du Roi Ren\u00e9<\/strong>\u00a0\u00bb <em>Mich\u00e8le \u2013 <\/em><em>Aujourd\u2019hui, quand on parle de la place des femmes dans notre soci\u00e9t\u00e9, on entend souvent\u00a0: \u00ab\u00a0On n\u2019est plus au Moyen-\u00c2ge\u00a0\u00bb, comme si elles ne tenaient pas leur place dans la soci\u00e9t\u00e9 (!)\u2026<br \/>\n<\/em><u><strong>15 avr.,\u00a0Mercredi<\/strong><br \/>\n<\/u><strong><span style=\"color: #ff6600;\">09:00<\/span> Sortie \u00ab\u00a0plantes <em>sauvages\u00a0\u00bb<\/em><\/strong><em>(2 h)<\/em> <strong>\u00ab\u00a0Une plante, une salade\u00a0\u00bb <\/strong>\u00e0 St Michel de Frigolet\u00a0 avec Claude<strong> \u2013 <span style=\"color: #ff6600;\">COMPLET &#8211;\u00a0<\/span><br \/>\n<\/strong>09:30 <strong>PromenaRando <\/strong>\u00ab\u00a0<strong>La communaut\u00e9 de Pomeyrol<\/strong>\u00a0\u00bb + <strong>repas<\/strong> \u2013 <span style=\"color: #ff6600;\"><strong>COMPLET<\/strong><\/span>.<em>\u00a0 Rdv habituel parking des Ar\u00e8nes.<\/em><\/span><br \/>\n<span style=\"color: #000080;\">De\u00a013:30 Atelier \u00ab\u00a0<strong>Art et couleurs<\/strong>\u00a0\u00bb cours de dessin et peinture<\/span><br \/>\n<span style=\"color: #000080;\"><u><strong>16 avr.,\u00a0Jeudi<\/strong><br \/>\n<\/u><span style=\"color: #ff6600;\"><strong>08:30<\/strong><\/span> SORTIE (BUS) MARSEILLE\u00a0: <strong>CROISIERE \u00abL\u2019INTEGRALE DES CALANQUES \u00bb \u2013<\/strong><em><span style=\"color: #ff6600;\"> Suite \u00e0 une d\u00e9fection, il reste une place. Si une personne se d\u00e9cide au dernier moment : tout simplement rdv au bus \u00e0 08h20 (il va faire beau, apporter appareil photo. Vues spectaculaires sur les Calanques).<\/span><\/em><strong><br \/>\n<\/strong>14:00 Atelier \u00ab\u00a0<strong>Art et couleurs<\/strong>\u00a0\u00bb Cours de dessin et peinture<\/span><br \/>\n<span style=\"color: #000080;\"><u><strong>17 avr.,\u00a0Vendredi<\/strong><br \/>\n<\/u>08:30 Randonn\u00e9e N2 demi-journ\u00e9e\u00a0 \u00ab\u00a0<strong>Les Tours de Castillon<\/strong>\u00ab\u00a0\u2013 \u00a013 Le Paradou<\/span><br \/>\n<span style=\"color: #000080;\">14:00 <strong>Club de Scrabble<\/strong>, <em>Jeu en Duplicate<br \/>\n<\/em><u><strong>19 avr.,\u00a0Dimanche<\/strong><br \/>\n<\/u>08:30 Randonn\u00e9e Journ\u00e9e N3 \u00ab\u00a0<strong>Le Refuge Jean Moulin<\/strong>\u00a0\u00bb \u2013 13 Eygali\u00e8res \u2013 <a style=\"color: #000080;\" href=\"https:\/\/docs.google.com\/forms\/d\/e\/1FAIpQLScME8GPHPYYPOvWaUe9GN9rILaBhesQqwXX-4EsFwekMH5s4w\/viewform?usp=header\"><strong><span style=\"color: #ff6600;\">S\u2019INSCRIRE ICI.<\/span><\/strong><\/a><br \/>\n<u><\/u><\/span><\/p>\n<p><span style=\"color: #000080;\"><span style=\"text-decoration: underline;\"><span style=\"color: #ff6600;\"><strong>SEMAINE DU 20 au 25 avril 2026<\/strong><\/span><\/span><u><br \/>\n<\/u><u><strong>20 avr.,\u00a0Lundi<\/strong><br \/>\n<\/u>08:30 Randonn\u00e9e journ\u00e9e N3 \u00a0\u00ab\u00a0<strong>Le Lac Bleu<\/strong>\u00a0\u00bb \u2013 30 Maussane les Alpilles<br \/>\n<u><strong>21 avr.,\u00a0Mardi<\/strong><br \/>\n<\/u>10:45 <strong>Club de Gym<br \/>\n<\/strong>14:00 Conf\u00e9rence \u00ab\u00a0<strong>La partition de l\u2019Inde et du Pakistan, en 1947<\/strong>\u00a0\u00bb <em>Guy Robin \u2013 <\/em><em>Affaibli apr\u00e8s la Seconde Guerre mondiale, le Raj Britannique est confront\u00e9 \u00e0 de tr\u00e8s fortes revendications indiennes. Mais, les d\u00e9saccords profonds entre hindous et musulmans, poussent alors \u00e0 la partition de\u00a01947.<br \/>\n<\/em>16:00 Club <strong>Informatique<br \/>\n<\/strong><u><strong>22 avr.,\u00a0Mercredi<\/strong><br \/>\n<\/u>09:30 <strong>PromenaRando<\/strong> \u2013 <em>2 h de marche<\/em> \u2013 d\u00e9part parking des Ar\u00e8nes Beaucaire<br \/>\n13:30 Atelier \u00ab\u00a0<strong>Art et couleurs<\/strong>\u00a0\u00bb cours de dessin et peinture<br \/>\n<u><strong>23 avr.,\u00a0Jeudi<\/strong><br \/>\n<\/u>14:00 Atelier \u00ab\u00a0<strong>Art et couleurs<\/strong>\u00a0\u00bb Cours de dessin et peinture<br \/>\n<u><strong>24 avr.,\u00a0Vendredi<\/strong><br \/>\n<\/u>08:30 Randonn\u00e9e Journ\u00e9e N2 \u00a0\u00ab\u00a0<strong>L\u2019oppidum Saint-Vincent<\/strong>\u00a0\u00bb 30 Gaujac<em> (Apporter le repas)<br \/>\n<\/em>14:00 <strong>Club de Scrabble<\/strong>, Jeu en Duplicate<br \/>\n<u><strong>25 avr.,\u00a0Samedi<\/strong><br \/>\n<\/u>17:00 <strong>SOIREE KARAOKE<\/strong> \u2013 <em>On se retrouve tous ensemble pour un moment de convivialit\u00e9 !\u00a0<\/em> \u2013 <strong>GRATUIT<\/strong> <em>(apporter 1 plat\u00a0: sal\u00e9 ou sucr\u00e9 ou 1 bouteille).<\/em><br \/>\n<\/span><\/p>\n<p>&nbsp;<\/p>\n<\/div>\n<\/div>\n<\/div>\n<\/div>\n<\/div>\n<\/div>\n<\/div>\n<\/div>\n<\/div>\n<\/div>\n<\/div>\n<pre><a href=\"https:\/\/culturotheque.fr\/wp-content\/uploads\/2026\/03\/LA.docx\"><span style=\"color: #3366ff;\"><strong>SOIREE 21 MARS 2026 A LA CAVE DU BOSCHET<\/strong> <\/span><\/a>- <a href=\"http:\/\/lacaveduboschet.fr\/index.php?p=1\"><span style=\"color: #993300;\"><span style=\"color: #993366;\"><strong><span style=\"color: #3366ff;\">VOIR ICI LE PROGRAMME DE LA SAISON<\/span><\/strong><\/span><span style=\"color: #993366;\"><strong>.<\/strong><\/span><\/span><\/a>\r\n<span style=\"color: #993300;\"><a href=\"https:\/\/culturotheque.fr\/wp-content\/uploads\/2025\/09\/2025-Tarif-miels.pdf\"><span style=\"color: #993366;\"><strong>CHRISTINE vous pr\u00e9sente les ruchers du Renard : Tarif miels <\/strong><\/span><\/a>\r\n<span style=\"color: #008000;\"><a style=\"color: #008000;\" href=\"https:\/\/culturotheque.fr\/wp-content\/uploads\/2025\/11\/1763100419677.jpg\">Vous avez besoin d'un \u00e9lectricien : Pensez au fils de Betty !<\/a>\r\n<\/span><\/span><\/pre>\n<p>&nbsp;<\/p>\n<p>&nbsp;<\/p>\n<p>&nbsp;<\/p>\n","protected":false},"excerpt":{"rendered":"<p>ICI le programme du Mois d&rsquo;AVRIL 2026. Ne pas oublier de glisser dans son sac : chapeau, cr\u00e8me solaire et produits contre les moustiques !. SEMAINE DU 13 au 19 avril 2026 13 avr.,\u00a0Lundi 08:30 Randonn\u00e9e journ\u00e9e N3 \u00a0\u00ab\u00a0Le Castellas \u00bb \u2013 30 St Hilaire d\u2019Ozilhan &#8211; 14 avr.,\u00a0Mardi 10:45 Club de Gym 14:00 Conf\u00e9rence &hellip; <\/p>\n<p class=\"link-more\"><a href=\"https:\/\/culturotheque.fr\/\" class=\"more-link\">Continuer la lecture<span class=\"screen-reader-text\"> de &laquo;&nbsp;Accueil&nbsp;&raquo;<\/span><\/a><\/p>\n","protected":false},"author":1,"featured_media":0,"parent":0,"menu_order":0,"comment_status":"closed","ping_status":"closed","template":"","meta":{"footnotes":""},"class_list":["post-68","page","type-page","status-publish","hentry"],"_links":{"self":[{"href":"https:\/\/culturotheque.fr\/index.php\/wp-json\/wp\/v2\/pages\/68","targetHints":{"allow":["GET"]}}],"collection":[{"href":"https:\/\/culturotheque.fr\/index.php\/wp-json\/wp\/v2\/pages"}],"about":[{"href":"https:\/\/culturotheque.fr\/index.php\/wp-json\/wp\/v2\/types\/page"}],"author":[{"embeddable":true,"href":"https:\/\/culturotheque.fr\/index.php\/wp-json\/wp\/v2\/users\/1"}],"replies":[{"embeddable":true,"href":"https:\/\/culturotheque.fr\/index.php\/wp-json\/wp\/v2\/comments?post=68"}],"version-history":[{"count":3461,"href":"https:\/\/culturotheque.fr\/index.php\/wp-json\/wp\/v2\/pages\/68\/revisions"}],"predecessor-version":[{"id":16649,"href":"https:\/\/culturotheque.fr\/index.php\/wp-json\/wp\/v2\/pages\/68\/revisions\/16649"}],"wp:attachment":[{"href":"https:\/\/culturotheque.fr\/index.php\/wp-json\/wp\/v2\/media?parent=68"}],"curies":[{"name":"wp","href":"https:\/\/api.w.org\/{rel}","templated":true}]}}